{"id":1162,"date":"2021-11-24T21:57:02","date_gmt":"2021-11-24T21:57:02","guid":{"rendered":"https:\/\/dimas-demo.motusminds.com\/reunificacion-familiar\/"},"modified":"2021-11-24T21:57:02","modified_gmt":"2021-11-24T21:57:02","slug":"reunificacion-familiar","status":"publish","type":"page","link":"https:\/\/dimas.motusminds.com\/es\/reunificacion-familiar\/","title":{"rendered":"Reunificaci\u00f3n familiar"},"content":{"rendered":"\n<p class=\"wp-block-intro-text-page\">\u00bfDesea vivir junto con su c\u00f3nyuge, esposa o hijos menores de edad en Aruba? Para ello, usted, o uno de los miembros de su familia, necesita un permiso de residencia temporal para la reunificaci\u00f3n familiar.<\/p>\n\n<p class=\"wp-block-body-text-page\">La reunificaci\u00f3n familiar es la reunificaci\u00f3n de un miembro de la familia que reside legalmente en Aruba con uno o m\u00e1s miembros de la familia del pa\u00eds de origen o de otro lugar. Por miembros de la familia nos referimos a: c\u00f3nyuge e hijos menores de edad (menores de 18 a\u00f1os). Esto significa que la relaci\u00f3n familiar (matrimonio \/ nacimiento) surgi\u00f3 antes de que su pareja o padre se estableciera en Aruba. Si est\u00e1 casado con una persona con nacionalidad holandesa que naci\u00f3 en Aruba, tambi\u00e9n debe solicitar este permiso.<\/p>\n\n<p class=\"wp-block-body-text-page\">En principio, no se le permite realizar ning\u00fan trabajo con este permiso de residencia (trabajo remunerado). Si a\u00fan desea trabajar durante el per\u00edodo del permiso, debe elegir <u>otro<\/u> <a><u>prop\u00f3sito de residencia<\/u><\/a>, dependiendo de su situaci\u00f3n o del<a><u>estado de residencia de su c\u00f3nyuge<\/u><\/a>, por ejemplo,<a href=\"#\"><u>el empleo<\/u><\/a>.<\/p>\n\n<p class=\"wp-block-body-text-page\">Si est\u00e1 casado con un Arubiano con nacionalidad holandesa y desea ingresar al mercado laboral, puede optar por el permiso de reunificaci\u00f3n familiar con el componente Laboral. Usted todav\u00eda depende de su c\u00f3nyuge como garante, pero puede ingresar al mercado laboral local despu\u00e9s de una <a><u>evaluaci\u00f3n en el mercado laboral con DPL<\/u>.<\/a><\/p>\n\n<ul class=\"wp-block-yellow-dot-list\"><li>Adem\u00e1s, debe cumplir con estos requisitos para el permiso de residencia temporal de Reunificaci\u00f3n Familiar.<\/li><li>El permiso de residencia temporal de reunificaci\u00f3n familiar se puede emitir por un per\u00edodo de 1 a\u00f1o a 5 a\u00f1os. Debe renovar su permiso dentro de los 3 meses anteriores a la fecha de vencimiento.<\/li><li>Si ya no cumple con las condiciones del permiso, por ejemplo, despu\u00e9s de un divorcio, debe <a>cambiar su permiso<\/a> a otro prop\u00f3sito de residencia, como Relaci\u00f3n especial con Aruba o Empleo remunerado. Si no env\u00eda esto dentro de los 3 meses, debe salir de Aruba.<\/li><\/ul>","protected":false},"excerpt":{"rendered":"<p>\u00bfDesea vivir junto con su c\u00f3nyuge, esposa o hijos menores de edad en Aruba? Para ello, usted, o uno de los miembros de su familia, necesita un permiso de residencia temporal para la reunificaci\u00f3n familiar. La reunificaci\u00f3n familiar es la reunificaci\u00f3n de un miembro de la familia que reside legalmente en Aruba con uno o [&hellip;]<\/p>\n","protected":false},"author":1,"featured_media":1095,"parent":0,"menu_order":0,"comment_status":"closed","ping_status":"closed","template":"","meta":[],"_links":{"self":[{"href":"https:\/\/dimas.motusminds.com\/es\/wp-json\/wp\/v2\/pages\/1162"}],"collection":[{"href":"https:\/\/dimas.motusminds.com\/es\/wp-json\/wp\/v2\/pages"}],"about":[{"href":"https:\/\/dimas.motusminds.com\/es\/wp-json\/wp\/v2\/types\/page"}],"author":[{"embeddable":true,"href":"https:\/\/dimas.motusminds.com\/es\/wp-json\/wp\/v2\/users\/1"}],"replies":[{"embeddable":true,"href":"https:\/\/dimas.motusminds.com\/es\/wp-json\/wp\/v2\/comments?post=1162"}],"version-history":[{"count":1,"href":"https:\/\/dimas.motusminds.com\/es\/wp-json\/wp\/v2\/pages\/1162\/revisions"}],"predecessor-version":[{"id":1163,"href":"https:\/\/dimas.motusminds.com\/es\/wp-json\/wp\/v2\/pages\/1162\/revisions\/1163"}],"wp:featuredmedia":[{"embeddable":true,"href":"https:\/\/dimas.motusminds.com\/es\/wp-json\/wp\/v2\/media\/1095"}],"wp:attachment":[{"href":"https:\/\/dimas.motusminds.com\/es\/wp-json\/wp\/v2\/media?parent=1162"}],"curies":[{"name":"wp","href":"https:\/\/api.w.org\/{rel}","templated":true}]}}