{"id":1160,"date":"2021-11-24T21:48:39","date_gmt":"2021-11-24T21:48:39","guid":{"rendered":"https:\/\/dimas-demo.motusminds.com\/permiso-de-residencia-continuo-familia-o-estudio\/"},"modified":"2021-11-24T21:48:39","modified_gmt":"2021-11-24T21:48:39","slug":"permiso-de-residencia-continuo-familia-o-estudio","status":"publish","type":"page","link":"https:\/\/dimas.motusminds.com\/es\/permiso-de-residencia-continuo-familia-o-estudio\/","title":{"rendered":"Permiso de Residencia continuo Familia o Estudio"},"content":{"rendered":"\n<p class=\"wp-block-intro-text-page\">Como menor de edad, \u00bfha tenido un permiso de residencia de reagrupaci\u00f3n familiar y tiene entre 18 y 27 a\u00f1os? Luego lea si es elegible para el permiso de residencia temporal de estad\u00eda continua de Familia o Estudio.<\/p>\n\n<p>Un permiso de residencia continua de familia o estudio est\u00e1 destinado a aquellos que han tenido un permiso de residencia de Reunificaci\u00f3n familiar como hijos menores de edad y ahora han alcanzado la edad de 18 a\u00f1os y, por lo tanto, son mayores de edad. Un padre\/tutor debe garantizar este permiso de residencia. Este debe ser el mismo padre \/ tutor que aval\u00f3 por usted durante su minor\u00eda.<\/p>\n\n<p>Puede calificar para un permiso de residencia continuo de familia o estudio si fue admitido en Aruba como menor de edad con un permiso de residencia v\u00e1lido.<\/p>\n\n<p>Adem\u00e1s, tambi\u00e9n debe cumplir una de estas condiciones:<\/p>\n\n<ol type=\"1\" class=\"wp-block-yellow-dot-list\"><li>Usted sigue un estudio completo (d\u00eda o noche) en una instituci\u00f3n educativa reconocida;<\/li><li>Est\u00e1 estudiando y trabaja un m\u00e1ximo de 20 horas por semana, este permiso de residencia se le puede expedir por un m\u00e1ximo de dos a\u00f1os, o;<\/li><li>No est\u00e1 en la estudiando y no trabaja, este permiso de residencia se le puede emitir por un m\u00e1ximo de dos a\u00f1os.<\/li><\/ol>\n<h2>Importante saber<\/h2>\n\n<ul class=\"wp-block-label-icon-list\"><li>El permiso de residencia continuo familiar o de estudio se puede emitir por un per\u00edodo de 1 a\u00f1o a 5 a\u00f1os. Debe renovar su permiso dentro de los 3 meses anteriores a la fecha de vencimiento.<\/li><li>Adem\u00e1s, debe cumplir con estos requisitos para el permiso de residencia continuo de familia o Estudio.<\/li><li>Si ya no cumple con las condiciones del permiso, debe <a>cambiar su permiso<\/a> <a href=\"#_msocom_1\">[MW1]<\/a> a otro prop\u00f3sito de residencia. Si no env\u00eda esto dentro de los 3 meses, debe salir de Aruba.<\/li><\/ul>","protected":false},"excerpt":{"rendered":"<p>Como menor de edad, \u00bfha tenido un permiso de residencia de reagrupaci\u00f3n familiar y tiene entre 18 y 27 a\u00f1os? Luego lea si es elegible para el permiso de residencia temporal de estad\u00eda continua de Familia o Estudio. Un permiso de residencia continua de familia o estudio est\u00e1 destinado a aquellos que han tenido un [&hellip;]<\/p>\n","protected":false},"author":1,"featured_media":1213,"parent":0,"menu_order":0,"comment_status":"closed","ping_status":"closed","template":"","meta":[],"_links":{"self":[{"href":"https:\/\/dimas.motusminds.com\/es\/wp-json\/wp\/v2\/pages\/1160"}],"collection":[{"href":"https:\/\/dimas.motusminds.com\/es\/wp-json\/wp\/v2\/pages"}],"about":[{"href":"https:\/\/dimas.motusminds.com\/es\/wp-json\/wp\/v2\/types\/page"}],"author":[{"embeddable":true,"href":"https:\/\/dimas.motusminds.com\/es\/wp-json\/wp\/v2\/users\/1"}],"replies":[{"embeddable":true,"href":"https:\/\/dimas.motusminds.com\/es\/wp-json\/wp\/v2\/comments?post=1160"}],"version-history":[{"count":1,"href":"https:\/\/dimas.motusminds.com\/es\/wp-json\/wp\/v2\/pages\/1160\/revisions"}],"predecessor-version":[{"id":1161,"href":"https:\/\/dimas.motusminds.com\/es\/wp-json\/wp\/v2\/pages\/1160\/revisions\/1161"}],"wp:featuredmedia":[{"embeddable":true,"href":"https:\/\/dimas.motusminds.com\/es\/wp-json\/wp\/v2\/media\/1213"}],"wp:attachment":[{"href":"https:\/\/dimas.motusminds.com\/es\/wp-json\/wp\/v2\/media?parent=1160"}],"curies":[{"name":"wp","href":"https:\/\/api.w.org\/{rel}","templated":true}]}}