{"id":1158,"date":"2021-11-24T21:44:01","date_gmt":"2021-11-24T21:44:01","guid":{"rendered":"https:\/\/dimas-demo.motusminds.com\/rentista\/"},"modified":"2021-11-24T21:44:01","modified_gmt":"2021-11-24T21:44:01","slug":"rentista","status":"publish","type":"page","link":"https:\/\/dimas.motusminds.com\/es\/rentista\/","title":{"rendered":"Rentista"},"content":{"rendered":"\n<p class=\"wp-block-intro-text-page\">Como rentista, desea permanecer temporalmente en Aruba y vivir de sus activos (anualidad o ingresos de activos). Para ello necesita un permiso de residencia. No se le permite realizar ning\u00fan trabajo con este permiso de residencia (trabajo remunerado). Si a\u00fan desea trabajar durante el per\u00edodo de permiso, debe presentar un cambio para el <a><u>Empleo remunerado<\/u><\/a>.<\/p>\n\n<ul class=\"wp-block-yellow-dot-list\"><li>Estos son los requisitos que debe cumplir para el permiso de Rentista. Los requisitos dependen de si desea permanecer en Aruba con o sin ingresos garantizados.<\/li><li>El permiso de rentista se puede emitir por un per\u00edodo de 1 a\u00f1o a 5 a\u00f1os. Debe renovar su permiso dentro de los 3 meses anteriores a la fecha de vencimiento.<\/li><li>Si desea realizar un trabajo remunerado o ya no cumple con las condiciones del permiso, debe cambiar su permiso a otro prop\u00f3sito de residencia. Si no env\u00eda esto dentro de los 3 meses, debe abandonar Aruba.<\/li><\/ul>\n<p class=\"wp-block-yellow-dot-list\"><\/p>\n","protected":false},"excerpt":{"rendered":"<p>Como rentista, desea permanecer temporalmente en Aruba y vivir de sus activos (anualidad o ingresos de activos). Para ello necesita un permiso de residencia. No se le permite realizar ning\u00fan trabajo con este permiso de residencia (trabajo remunerado). Si a\u00fan desea trabajar durante el per\u00edodo de permiso, debe presentar un cambio para el Empleo remunerado. [&hellip;]<\/p>\n","protected":false},"author":1,"featured_media":0,"parent":0,"menu_order":0,"comment_status":"closed","ping_status":"closed","template":"","meta":[],"_links":{"self":[{"href":"https:\/\/dimas.motusminds.com\/es\/wp-json\/wp\/v2\/pages\/1158"}],"collection":[{"href":"https:\/\/dimas.motusminds.com\/es\/wp-json\/wp\/v2\/pages"}],"about":[{"href":"https:\/\/dimas.motusminds.com\/es\/wp-json\/wp\/v2\/types\/page"}],"author":[{"embeddable":true,"href":"https:\/\/dimas.motusminds.com\/es\/wp-json\/wp\/v2\/users\/1"}],"replies":[{"embeddable":true,"href":"https:\/\/dimas.motusminds.com\/es\/wp-json\/wp\/v2\/comments?post=1158"}],"version-history":[{"count":1,"href":"https:\/\/dimas.motusminds.com\/es\/wp-json\/wp\/v2\/pages\/1158\/revisions"}],"predecessor-version":[{"id":1159,"href":"https:\/\/dimas.motusminds.com\/es\/wp-json\/wp\/v2\/pages\/1158\/revisions\/1159"}],"wp:attachment":[{"href":"https:\/\/dimas.motusminds.com\/es\/wp-json\/wp\/v2\/media?parent=1158"}],"curies":[{"name":"wp","href":"https:\/\/api.w.org\/{rel}","templated":true}]}}