{"id":1146,"date":"2021-11-24T21:23:45","date_gmt":"2021-11-24T21:23:45","guid":{"rendered":"https:\/\/dimas-demo.motusminds.com\/inversores-y-accionistas\/"},"modified":"2021-11-24T21:37:57","modified_gmt":"2021-11-24T21:37:57","slug":"inversores-y-accionistas","status":"publish","type":"page","link":"https:\/\/dimas.motusminds.com\/es\/inversores-y-accionistas\/","title":{"rendered":"Inversores y Accionistas"},"content":{"rendered":"\n<p>\u00bfDesea quedarse en Aruba como Inversor o Accionista? Para ello necesita un permiso de residencia temporal. Con un permiso de inversionista, las personas que contribuyen positivamente a la econom\u00eda de Aruba pueden vivir en la isla. Puede hacerlo invirtiendo en la comunidad empresarial de Aruba o, si tiene la experiencia comercial adecuada, comprando o estableciendo su propio negocio en Aruba.<\/p>\n\n<p>Adem\u00e1s, debe poder cumplir con varias condiciones:<\/p>\n\n<ul class=\"wp-block-yellow-dot-list\"><li>Usted est\u00e1 en posesi\u00f3n de al menos el 40% de las acciones de una empresa establecida en Aruba con un capital m\u00ednimo desembolsado de Afl. 250.000,-<\/li><li>Ser capaz de demostrar una cantidad similar de capital desembolsado;<\/li><li>Registro en el DPL para una carta de notificaci\u00f3n;<\/li><\/ul>\n<h2>Importante saber<\/h2>\n\n<ul class=\"wp-block-label-icon-list\"><li>Estos son los requisitos que debe cumplir para el permiso de Inversionista y Accionista.<\/li><li>El permiso temporal de residencia y trabajo como inversor y accionista se puede emitir por un per\u00edodo de 1 a\u00f1o a 5 a\u00f1os. Debe renovar su permiso dentro de los 3 meses anteriores a la fecha de vencimiento.<\/li><li>Si ya no cumple con las condiciones del permiso, debe cambiar su permiso a un prop\u00f3sito de residencia diferente. Si no env\u00eda esto dentro de los 3 meses, debe salir de Aruba.<\/li><\/ul>","protected":false},"excerpt":{"rendered":"<p>\u00bfDesea quedarse en Aruba como Inversor o Accionista? Para ello necesita un permiso de residencia temporal. Con un permiso de inversionista, las personas que contribuyen positivamente a la econom\u00eda de Aruba pueden vivir en la isla. Puede hacerlo invirtiendo en la comunidad empresarial de Aruba o, si tiene la experiencia comercial adecuada, comprando o estableciendo [&hellip;]<\/p>\n","protected":false},"author":1,"featured_media":0,"parent":0,"menu_order":0,"comment_status":"closed","ping_status":"closed","template":"","meta":[],"_links":{"self":[{"href":"https:\/\/dimas.motusminds.com\/es\/wp-json\/wp\/v2\/pages\/1146"}],"collection":[{"href":"https:\/\/dimas.motusminds.com\/es\/wp-json\/wp\/v2\/pages"}],"about":[{"href":"https:\/\/dimas.motusminds.com\/es\/wp-json\/wp\/v2\/types\/page"}],"author":[{"embeddable":true,"href":"https:\/\/dimas.motusminds.com\/es\/wp-json\/wp\/v2\/users\/1"}],"replies":[{"embeddable":true,"href":"https:\/\/dimas.motusminds.com\/es\/wp-json\/wp\/v2\/comments?post=1146"}],"version-history":[{"count":7,"href":"https:\/\/dimas.motusminds.com\/es\/wp-json\/wp\/v2\/pages\/1146\/revisions"}],"predecessor-version":[{"id":1153,"href":"https:\/\/dimas.motusminds.com\/es\/wp-json\/wp\/v2\/pages\/1146\/revisions\/1153"}],"wp:attachment":[{"href":"https:\/\/dimas.motusminds.com\/es\/wp-json\/wp\/v2\/media?parent=1146"}],"curies":[{"name":"wp","href":"https:\/\/api.w.org\/{rel}","templated":true}]}}