{"id":1138,"date":"2021-11-24T20:57:22","date_gmt":"2021-11-24T20:57:22","guid":{"rendered":"https:\/\/dimas-demo.motusminds.com\/emprendedor-independiente\/"},"modified":"2021-11-24T21:16:20","modified_gmt":"2021-11-24T21:16:20","slug":"emprendedor-independiente","status":"publish","type":"page","link":"https:\/\/dimas.motusminds.com\/es\/emprendedor-independiente\/","title":{"rendered":"Independiente"},"content":{"rendered":"\n<p class=\"wp-block-intro-text-page\">Quiere trabajar en Aruba como empresario independiente sin personal (ZZP&#8217;er). Para ello necesita un permiso temporal de residencia y trabajo.<\/p>\n\n<p>Para ser elegible para una estancia temporal y un permiso laborar como trabajador por cuenta propia o independiente debe cumplir con varias condiciones:<\/p>\n\n<ul class=\"wp-block-yellow-dot-list\"><li>La empresa que va a crear es esencial para la econom\u00eda de Aruba y est\u00e1 relacionada con los sectores prometedores en Aruba;<\/li><li>El producto o servicio que proporciona es innovador para Aruba;<\/li><li>Puede demostrar que tiene un permiso de residencia y tambi\u00e9n puede presentar una licencia de director de la Direcci\u00f3n de Asuntos Econ\u00f3micos, Comercio e Industria.<\/li><li>Puede demostrar que cumple con los requisitos para llevar a cabo su negocio o profesi\u00f3n; Esto significa que tiene todos los permisos y diplomas necesarios.<\/li><li>Obtendr\u00e1 ingresos suficientes de sus actividades como trabajador aut\u00f3nomo. Esto debe ser evidente en el plan de negocios.<\/li><\/ul>\n<h2>Importante saber<\/h2>\n\n<ul class=\"wp-block-label-icon-list\"><li>Estos son los requisitos que debe cumplir para obtener la licencia ZZP&#8217;er.<\/li><li>El permiso de residencia temporal y trabajo para aut\u00f3nomos puede expedirse por un per\u00edodo de 1 a 5 a\u00f1os. Debe renovar su permiso dentro de los 3 meses anteriores a la fecha de vencimiento.<\/li><li>Si ya no cumple con las condiciones del permiso, debe cambiar su permiso a un prop\u00f3sito de residencia diferente. Si no env\u00eda esto dentro de los 3 meses, debe salir de Aruba.<\/li><\/ul>","protected":false},"excerpt":{"rendered":"<p>Quiere trabajar en Aruba como empresario independiente sin personal (ZZP&#8217;er). Para ello necesita un permiso temporal de residencia y trabajo. Para ser elegible para una estancia temporal y un permiso laborar como trabajador por cuenta propia o independiente debe cumplir con varias condiciones: La empresa que va a crear es esencial para la econom\u00eda de [&hellip;]<\/p>\n","protected":false},"author":1,"featured_media":1227,"parent":0,"menu_order":0,"comment_status":"closed","ping_status":"closed","template":"","meta":[],"_links":{"self":[{"href":"https:\/\/dimas.motusminds.com\/es\/wp-json\/wp\/v2\/pages\/1138"}],"collection":[{"href":"https:\/\/dimas.motusminds.com\/es\/wp-json\/wp\/v2\/pages"}],"about":[{"href":"https:\/\/dimas.motusminds.com\/es\/wp-json\/wp\/v2\/types\/page"}],"author":[{"embeddable":true,"href":"https:\/\/dimas.motusminds.com\/es\/wp-json\/wp\/v2\/users\/1"}],"replies":[{"embeddable":true,"href":"https:\/\/dimas.motusminds.com\/es\/wp-json\/wp\/v2\/comments?post=1138"}],"version-history":[{"count":5,"href":"https:\/\/dimas.motusminds.com\/es\/wp-json\/wp\/v2\/pages\/1138\/revisions"}],"predecessor-version":[{"id":1145,"href":"https:\/\/dimas.motusminds.com\/es\/wp-json\/wp\/v2\/pages\/1138\/revisions\/1145"}],"wp:featuredmedia":[{"embeddable":true,"href":"https:\/\/dimas.motusminds.com\/es\/wp-json\/wp\/v2\/media\/1227"}],"wp:attachment":[{"href":"https:\/\/dimas.motusminds.com\/es\/wp-json\/wp\/v2\/media?parent=1138"}],"curies":[{"name":"wp","href":"https:\/\/api.w.org\/{rel}","templated":true}]}}