{"id":1136,"date":"2021-11-24T20:41:49","date_gmt":"2021-11-24T20:41:49","guid":{"rendered":"https:\/\/dimas-demo.motusminds.com\/empresa-emergente\/"},"modified":"2021-11-24T20:41:49","modified_gmt":"2021-11-24T20:41:49","slug":"empresa-emergente","status":"publish","type":"page","link":"https:\/\/dimas.motusminds.com\/es\/empresa-emergente\/","title":{"rendered":"Empresa emergente"},"content":{"rendered":"\n<p class=\"wp-block-intro-text-page\">Quiere trabajar en Aruba como una persona que est\u00e1 iniciando alg\u00fan tipo de negocio o empresa emergente o Startup. Usted como emprendedor tiene un a\u00f1o para iniciar un negocio innovador en Aruba, solo o junto a varias personas. Para ello necesita un permiso temporal de residencia y trabajo.<\/p>\n\n<p>Para ser elegible para una estad\u00eda temporal y un permiso de trabajo como Empresa que esta iniciando, debe cumplir con varias condiciones:<\/p>\n\n<ul class=\"wp-block-yellow-dot-list\"><li>Tiene una empresa de nueva creaci\u00f3n en el <a href=\"https:\/\/futuralab.org\/\">sector de la tecnolog\u00eda innovadora<\/a> y quiere establecerse en Aruba;<\/li><li>Tiene una licencia comercial como Startup de la <a href=\"https:\/\/www.deaci.aw\/\">DEZHI<\/a> (Direcci\u00f3n de Asuntos Econ\u00f3micos, Comercio e Industria);<\/li><li>Tiene una licencia de director como Startup de la <a href=\"https:\/\/www.deaci.aw\/\">DEZHI<\/a> (Direcci\u00f3n de Asuntos Econ\u00f3micos, Comercio e Industria);<\/li><\/ul>\n<h2>Importante saber<\/h2>\n\n<ul class=\"wp-block-label-icon-list\"><li>Estos son los requisitos que debe cumplir para el permiso de empresario que est\u00e1 iniciando o Startup. <\/li><li>El permiso temporal de residencia y trabajo Startup se puede emitir por un per\u00edodo de hasta 2 a\u00f1os.<\/li><li>Se recomienda que inicie el proceso de renovaci\u00f3n de su permiso de residencia temporal dentro de los 3 meses anteriores a la fecha de vencimiento.<\/li><li>Debe ponerse en contacto con el <a href=\"https:\/\/www.impuesto.aw\/\">Departamento di Impuesto<\/a> sobre sus contribuciones sociales y obligaciones fiscales como empresario establecido<\/li><li>Despu\u00e9s de 2 a\u00f1os tiene la posibilidad de cambiar de tipo de permiso;<\/li><li>Si ya no cumple con las condiciones del permiso, debe cambiar su permiso a otro prop\u00f3sito de estad\u00eda, de lo contrario debe abandonar Aruba.<\/li><\/ul>","protected":false},"excerpt":{"rendered":"<p>Quiere trabajar en Aruba como una persona que est\u00e1 iniciando alg\u00fan tipo de negocio o empresa emergente o Startup. Usted como emprendedor tiene un a\u00f1o para iniciar un negocio innovador en Aruba, solo o junto a varias personas. Para ello necesita un permiso temporal de residencia y trabajo. Para ser elegible para una estad\u00eda temporal [&hellip;]<\/p>\n","protected":false},"author":1,"featured_media":0,"parent":0,"menu_order":0,"comment_status":"closed","ping_status":"closed","template":"","meta":[],"_links":{"self":[{"href":"https:\/\/dimas.motusminds.com\/es\/wp-json\/wp\/v2\/pages\/1136"}],"collection":[{"href":"https:\/\/dimas.motusminds.com\/es\/wp-json\/wp\/v2\/pages"}],"about":[{"href":"https:\/\/dimas.motusminds.com\/es\/wp-json\/wp\/v2\/types\/page"}],"author":[{"embeddable":true,"href":"https:\/\/dimas.motusminds.com\/es\/wp-json\/wp\/v2\/users\/1"}],"replies":[{"embeddable":true,"href":"https:\/\/dimas.motusminds.com\/es\/wp-json\/wp\/v2\/comments?post=1136"}],"version-history":[{"count":1,"href":"https:\/\/dimas.motusminds.com\/es\/wp-json\/wp\/v2\/pages\/1136\/revisions"}],"predecessor-version":[{"id":1137,"href":"https:\/\/dimas.motusminds.com\/es\/wp-json\/wp\/v2\/pages\/1136\/revisions\/1137"}],"wp:attachment":[{"href":"https:\/\/dimas.motusminds.com\/es\/wp-json\/wp\/v2\/media?parent=1136"}],"curies":[{"name":"wp","href":"https:\/\/api.w.org\/{rel}","templated":true}]}}