{"id":1130,"date":"2021-11-24T20:36:20","date_gmt":"2021-11-24T20:36:20","guid":{"rendered":"https:\/\/dimas-demo.motusminds.com\/proteccion-del-tratado-asilo\/"},"modified":"2021-11-24T20:36:21","modified_gmt":"2021-11-24T20:36:21","slug":"proteccion-del-tratado-asilo","status":"publish","type":"page","link":"https:\/\/dimas.motusminds.com\/es\/proteccion-del-tratado-asilo\/","title":{"rendered":"Protecci\u00f3n del tratado (Asilo)"},"content":{"rendered":"\n<ul class=\"wp-block-yellow-dot-list\"><li>Como pa\u00eds del Reino de los Pa\u00edses Bajos, Aruba hace parte de varios tratados internacionales. En virtud de algunos de estos convenios, se puede ofrecer protecci\u00f3n en ciertos casos: Una persona que teme por su vida y huye de su pa\u00eds de origen por un temor fundado de persecuci\u00f3n puede, en el marco de la protecci\u00f3n de los <a><u>refugiados<\/u><\/a> [ KGR1] de acuerdo con la Convenci\u00f3n de Refugiados y el protocolo asociado;<\/li><li>Una persona que teme ser maltratada o corre el riesgo de ser sometida a tratos o penas inhumanas puede invocar la<a href=\"https:\/\/wetten.overheid.nl\/BWBV0001000\/2021-08-01\" target=\"_blank\" rel=\"noreferrer noopener\">protecci\u00f3n de conformidad<\/a> con el <a href=\"https:\/\/wetten.overheid.nl\/BWBV0001000\/2021-08-01#Verdrag_2\" target=\"_blank\" rel=\"noreferrer noopener\">Convenio Europeo de Derechos Humanos y Libertades Fundamentales<\/a>en el contexto de salvaguardar la integridad humana [KGR2]<\/li><li>Toda persona que teme ser torturada o sometida a tratos o penas crueles, inhumanos o degradantes puede invocar la protecci\u00f3n en virtud de la Convenci\u00f3n contra la Tortura por razones humanitarias;<\/li><li>A quien haya sido v\u00edctima de <a><u>trata de personas o<\/u> <u>tr\u00e1fico de personas<\/u><\/a> [KGR3] se le puede ofrecer protecci\u00f3n de acuerdo con el protocolo de Palermo.<\/li><\/ul>\n<p>A continuaci\u00f3n le explicamos qu\u00e9 significan los t\u00e9rminos trata de personas y tr\u00e1fico de personas:<\/p>\n\n<h2><strong>\u00bfQu\u00e9 es la trata de personas?<\/strong><\/h2>\n\n<p class=\"wp-block-body-text-page\">La trata de seres humanos es el reclutamiento, el transporte, el traslado, el alojamiento, la recepci\u00f3n de una persona, el intercambio o la transferencia del control sobre ella con fines de explotaci\u00f3n.<\/p>\n\n<h2><strong>\u00bfQu\u00e9 es el tr\u00e1fico de personas?<\/strong><\/h2>\n\n<p class=\"wp-block-body-text-page\">El tr\u00e1fico de personas es un t\u00e9rmino utilizado para el transporte secreto organizado e ilegal de personas a trav\u00e9s de fronteras internacionales, ya sea directamente o por medio de un intermediario. Los traficantes de personas hacen esto para obtener beneficios econ\u00f3micos.<\/p>\n\n<p class=\"wp-block-body-text-page\">En principio, hacemos una distinci\u00f3n entre un solicitante de asilo y un refugiado. Aqu\u00ed le explicamos cu\u00e1l es la diferencia. Si usted es una v\u00edctima o un testigo de la trata de personas o el tr\u00e1fico de personas, puede informarlo a trav\u00e9s de nuestra l\u00ednea directa tel: 5923231 o a trav\u00e9s de <a href=\"mailto:lcmm@kparuba.com\">lcmm@kparuba.com.<\/a><\/p>\n\n<p class=\"wp-block-body-text-page\">\u00bfQui\u00e9n es un <a href=\"\/vluchteling\">refugiado<\/a> en virtud de la Convenci\u00f3n sobre el Estatuto de los Refugiados?<\/p>\n","protected":false},"excerpt":{"rendered":"<p>Como pa\u00eds del Reino de los Pa\u00edses Bajos, Aruba hace parte de varios tratados internacionales. En virtud de algunos de estos convenios, se puede ofrecer protecci\u00f3n en ciertos casos: Una persona que teme por su vida y huye de su pa\u00eds de origen por un temor fundado de persecuci\u00f3n puede, en el marco de la [&hellip;]<\/p>\n","protected":false},"author":1,"featured_media":0,"parent":0,"menu_order":0,"comment_status":"closed","ping_status":"closed","template":"","meta":[],"_links":{"self":[{"href":"https:\/\/dimas.motusminds.com\/es\/wp-json\/wp\/v2\/pages\/1130"}],"collection":[{"href":"https:\/\/dimas.motusminds.com\/es\/wp-json\/wp\/v2\/pages"}],"about":[{"href":"https:\/\/dimas.motusminds.com\/es\/wp-json\/wp\/v2\/types\/page"}],"author":[{"embeddable":true,"href":"https:\/\/dimas.motusminds.com\/es\/wp-json\/wp\/v2\/users\/1"}],"replies":[{"embeddable":true,"href":"https:\/\/dimas.motusminds.com\/es\/wp-json\/wp\/v2\/comments?post=1130"}],"version-history":[{"count":5,"href":"https:\/\/dimas.motusminds.com\/es\/wp-json\/wp\/v2\/pages\/1130\/revisions"}],"predecessor-version":[{"id":1135,"href":"https:\/\/dimas.motusminds.com\/es\/wp-json\/wp\/v2\/pages\/1130\/revisions\/1135"}],"wp:attachment":[{"href":"https:\/\/dimas.motusminds.com\/es\/wp-json\/wp\/v2\/media?parent=1130"}],"curies":[{"name":"wp","href":"https:\/\/api.w.org\/{rel}","templated":true}]}}